{"id":66,"date":"2022-09-04T11:41:12","date_gmt":"2022-09-04T10:41:12","guid":{"rendered":"http:\/\/algerie-architecture.com\/?page_id=66"},"modified":"2023-09-12T18:49:03","modified_gmt":"2023-09-12T17:49:03","slug":"elements-de-details","status":"publish","type":"page","link":"https:\/\/algerie-architecture.com\/en\/elements-de-details\/","title":{"rendered":"TECHNIQUES &#038; CONCEPTS  \u062a\u0642\u0646\u064a\u0627\u062a \u0648 \u0623\u0641\u0643\u0627\u0631"},"content":{"rendered":"<div data-elementor-type=\"wp-page\" data-elementor-id=\"66\" class=\"elementor elementor-66\">\n\t\t\t\t\t\t<section class=\"elementor-section elementor-top-section elementor-element elementor-element-d7de4e8 elementor-section-boxed elementor-section-height-default elementor-section-height-default\" data-id=\"d7de4e8\" data-element_type=\"section\" data-e-type=\"section\">\n\t\t\t\t\t\t<div class=\"elementor-container elementor-column-gap-default\">\n\t\t\t\t\t<div class=\"elementor-column elementor-col-50 elementor-top-column elementor-element elementor-element-9d19b19\" data-id=\"9d19b19\" data-element_type=\"column\" data-e-type=\"column\">\n\t\t\t<div class=\"elementor-widget-wrap elementor-element-populated\">\n\t\t\t\t\t\t<div class=\"elementor-element elementor-element-0d85255 elementor-widget elementor-widget-heading\" data-id=\"0d85255\" data-element_type=\"widget\" data-e-type=\"widget\" data-widget_type=\"heading.default\">\n\t\t\t\t<div class=\"elementor-widget-container\">\n\t\t\t\t\t<h2 class=\"elementor-heading-title elementor-size-small\"><a href=\"https:\/\/algerie-architecture.com\/en\/projets\/\">TECHNIQUE, MATERIAUX &amp; CONCEPTS \u062a\u0642\u0646\u064a\u0627\u062a, \u0645\u0648\u0627\u062f  \u0648 \u0623\u0641\u0643\u0644\u0631<\/a><\/h2>\t\t\t\t<\/div>\n\t\t\t\t<\/div>\n\t\t\t\t\t<\/div>\n\t\t<\/div>\n\t\t\t\t<div class=\"elementor-column elementor-col-50 elementor-top-column elementor-element elementor-element-e7b41ea\" data-id=\"e7b41ea\" data-element_type=\"column\" data-e-type=\"column\">\n\t\t\t<div class=\"elementor-widget-wrap\">\n\t\t\t\t\t\t\t<\/div>\n\t\t<\/div>\n\t\t\t\t\t<\/div>\n\t\t<\/section>\n\t\t\t\t<section class=\"elementor-section elementor-top-section elementor-element elementor-element-34a10a4 elementor-section-boxed elementor-section-height-default elementor-section-height-default\" data-id=\"34a10a4\" data-element_type=\"section\" data-e-type=\"section\">\n\t\t\t\t\t\t<div class=\"elementor-container elementor-column-gap-default\">\n\t\t\t\t\t<div class=\"elementor-column elementor-col-33 elementor-top-column elementor-element elementor-element-57af9bf\" data-id=\"57af9bf\" data-element_type=\"column\" data-e-type=\"column\">\n\t\t\t<div class=\"elementor-widget-wrap elementor-element-populated\">\n\t\t\t\t\t\t<div class=\"elementor-element elementor-element-223d4f8 elementor-invisible elementor-widget elementor-widget-heading\" data-id=\"223d4f8\" data-element_type=\"widget\" data-e-type=\"widget\" data-settings=\"{&quot;_animation&quot;:&quot;fadeInLeft&quot;}\" data-widget_type=\"heading.default\">\n\t\t\t\t<div class=\"elementor-widget-container\">\n\t\t\t\t\t<span class=\"elementor-heading-title elementor-size-default\">A section devoted to the techniques, processes and materials used in construction in Algeria and to innovative concepts in architecture. <\/span>\t\t\t\t<\/div>\n\t\t\t\t<\/div>\n\t\t\t\t\t<\/div>\n\t\t<\/div>\n\t\t\t\t<div class=\"elementor-column elementor-col-33 elementor-top-column elementor-element elementor-element-ee8f567\" data-id=\"ee8f567\" data-element_type=\"column\" data-e-type=\"column\">\n\t\t\t<div class=\"elementor-widget-wrap elementor-element-populated\">\n\t\t\t\t\t\t<div class=\"elementor-element elementor-element-252364d elementor-invisible elementor-widget elementor-widget-heading\" data-id=\"252364d\" data-element_type=\"widget\" data-e-type=\"widget\" data-settings=\"{&quot;_animation&quot;:&quot;fadeInUp&quot;}\" data-widget_type=\"heading.default\">\n\t\t\t\t<div class=\"elementor-widget-container\">\n\t\t\t\t\t<span class=\"elementor-heading-title elementor-size-default\">\u0642\u0633\u0645 \u0645\u062e\u0635\u0635 \u0644\u0644\u062a\u0642\u0646\u064a\u0627\u062a \u0648\u0627\u0644\u0645\u0648\u0627\u062f \u0627\u0644\u0645\u0633\u062a\u062e\u062f\u0645\u0629 \u0641\u064a \u0627\u0644\u0628\u0646\u0627\u0621 \u0641\u064a \u0627\u0644\u062c\u0632\u0627\u0626\u0631 \u0648\u0627\u0644\u0645\u0641\u0627\u0647\u064a\u0645 \u0627\u0644\u0645\u0628\u062a\u0643\u0631\u0629 \u0641\u064a \u0627\u0644\u0647\u0646\u062f\u0633\u0629 \u0627\u0644\u0645\u0639\u0645\u0627\u0631\u064a\u0629.<\/span>\t\t\t\t<\/div>\n\t\t\t\t<\/div>\n\t\t\t\t\t<\/div>\n\t\t<\/div>\n\t\t\t\t<div class=\"elementor-column elementor-col-33 elementor-top-column elementor-element elementor-element-cc890d5\" data-id=\"cc890d5\" data-element_type=\"column\" data-e-type=\"column\">\n\t\t\t<div class=\"elementor-widget-wrap elementor-element-populated\">\n\t\t\t\t\t\t<div class=\"elementor-element elementor-element-52699d0 animated-slow elementor-invisible elementor-widget elementor-widget-image\" data-id=\"52699d0\" data-element_type=\"widget\" data-e-type=\"widget\" data-settings=\"{&quot;_animation&quot;:&quot;tada&quot;,&quot;_animation_delay&quot;:100}\" data-widget_type=\"image.default\">\n\t\t\t\t<div class=\"elementor-widget-container\">\n\t\t\t\t\t\t\t\t\t\t\t\t\t\t\t\t<a href=\"https:\/\/algerie-architecture.com\/en\/\">\n\t\t\t\t\t\t\t<img decoding=\"async\" width=\"300\" height=\"130\" src=\"https:\/\/algerie-architecture.com\/wp-content\/uploads\/2022\/10\/Logo-Site-300x130.jpg\" class=\"elementor-animation-grow attachment-medium size-medium wp-image-2060\" alt=\"\" srcset=\"https:\/\/algerie-architecture.com\/wp-content\/uploads\/2022\/10\/Logo-Site-300x130.jpg 300w, https:\/\/algerie-architecture.com\/wp-content\/uploads\/2022\/10\/Logo-Site-1024x442.jpg 1024w, https:\/\/algerie-architecture.com\/wp-content\/uploads\/2022\/10\/Logo-Site-768x332.jpg 768w, https:\/\/algerie-architecture.com\/wp-content\/uploads\/2022\/10\/Logo-Site-1536x663.jpg 1536w, https:\/\/algerie-architecture.com\/wp-content\/uploads\/2022\/10\/Logo-Site-2048x884.jpg 2048w\" sizes=\"(max-width: 300px) 100vw, 300px\" \/>\t\t\t\t\t\t\t\t<\/a>\n\t\t\t\t\t\t\t\t\t\t\t\t\t\t\t<\/div>\n\t\t\t\t<\/div>\n\t\t\t\t\t<\/div>\n\t\t<\/div>\n\t\t\t\t\t<\/div>\n\t\t<\/section>\n\t\t\t\t<section class=\"elementor-section elementor-top-section elementor-element elementor-element-bdbd437 elementor-section-boxed elementor-section-height-default elementor-section-height-default\" data-id=\"bdbd437\" data-element_type=\"section\" data-e-type=\"section\">\n\t\t\t\t\t\t<div class=\"elementor-container elementor-column-gap-default\">\n\t\t\t\t\t<div class=\"elementor-column elementor-col-33 elementor-top-column elementor-element elementor-element-ca3f223\" data-id=\"ca3f223\" data-element_type=\"column\" data-e-type=\"column\">\n\t\t\t<div class=\"elementor-widget-wrap elementor-element-populated\">\n\t\t\t\t\t\t<div class=\"elementor-element elementor-element-085c425 elementor-invisible elementor-widget elementor-widget-image\" data-id=\"085c425\" data-element_type=\"widget\" data-e-type=\"widget\" data-settings=\"{&quot;_animation&quot;:&quot;fadeInUp&quot;}\" data-widget_type=\"image.default\">\n\t\t\t\t<div class=\"elementor-widget-container\">\n\t\t\t\t\t\t\t\t\t\t\t\t\t\t\t<img decoding=\"async\" src=\"https:\/\/algerie-architecture.com\/wp-content\/uploads\/elementor\/thumbs\/Claustra-6-q0g7oe62amhdvyff1kisahx969f1y6qpapx3alc53s.jpg\" title=\"Claustra-6\" alt=\"Claustra-6\" loading=\"lazy\" \/>\t\t\t\t\t\t\t\t\t\t\t\t\t\t\t<\/div>\n\t\t\t\t<\/div>\n\t\t\t\t\t<\/div>\n\t\t<\/div>\n\t\t\t\t<div class=\"elementor-column elementor-col-33 elementor-top-column elementor-element elementor-element-5b8b657\" data-id=\"5b8b657\" data-element_type=\"column\" data-e-type=\"column\">\n\t\t\t<div class=\"elementor-widget-wrap elementor-element-populated\">\n\t\t\t\t\t\t<div class=\"elementor-element elementor-element-6c1a83d elementor-invisible elementor-widget elementor-widget-image\" data-id=\"6c1a83d\" data-element_type=\"widget\" data-e-type=\"widget\" data-settings=\"{&quot;_animation&quot;:&quot;fadeInLeft&quot;}\" data-widget_type=\"image.default\">\n\t\t\t\t<div class=\"elementor-widget-container\">\n\t\t\t\t\t\t\t\t\t\t\t\t\t\t\t<img decoding=\"async\" src=\"https:\/\/algerie-architecture.com\/wp-content\/uploads\/elementor\/thumbs\/Ambassade-UK-09-1-q0g7ocadwyf7kcn5dss94hhc96l9ewx2fwglr3zes4.jpg\" title=\"Ambassade-UK-09\" alt=\"Ambassade-UK-09\" loading=\"lazy\" \/>\t\t\t\t\t\t\t\t\t\t\t\t\t\t\t<\/div>\n\t\t\t\t<\/div>\n\t\t\t\t\t<\/div>\n\t\t<\/div>\n\t\t\t\t<div class=\"elementor-column elementor-col-33 elementor-top-column elementor-element elementor-element-acaf073\" data-id=\"acaf073\" data-element_type=\"column\" data-e-type=\"column\">\n\t\t\t<div class=\"elementor-widget-wrap elementor-element-populated\">\n\t\t\t\t\t\t<div class=\"elementor-element elementor-element-295a114 elementor-invisible elementor-widget elementor-widget-image\" data-id=\"295a114\" data-element_type=\"widget\" data-e-type=\"widget\" data-settings=\"{&quot;_animation&quot;:&quot;fadeInRight&quot;}\" data-widget_type=\"image.default\">\n\t\t\t\t<div class=\"elementor-widget-container\">\n\t\t\t\t\t\t\t\t\t\t\t\t\t\t\t<img decoding=\"async\" width=\"150\" height=\"150\" src=\"https:\/\/algerie-architecture.com\/wp-content\/uploads\/2022\/09\/Zelaije-01-150x150.jpg\" class=\"attachment-thumbnail size-thumbnail wp-image-1153\" alt=\"\" srcset=\"https:\/\/algerie-architecture.com\/wp-content\/uploads\/2022\/09\/Zelaije-01-150x150.jpg 150w, https:\/\/algerie-architecture.com\/wp-content\/uploads\/2022\/09\/Zelaije-01-600x600.jpg 600w\" sizes=\"(max-width: 150px) 100vw, 150px\" \/>\t\t\t\t\t\t\t\t\t\t\t\t\t\t\t<\/div>\n\t\t\t\t<\/div>\n\t\t\t\t<div class=\"elementor-element elementor-element-70b2e49 elementor-invisible elementor-widget elementor-widget-image\" data-id=\"70b2e49\" data-element_type=\"widget\" data-e-type=\"widget\" data-settings=\"{&quot;_animation&quot;:&quot;fadeInRight&quot;}\" data-widget_type=\"image.default\">\n\t\t\t\t<div class=\"elementor-widget-container\">\n\t\t\t\t\t\t\t\t\t\t\t\t\t\t\t<img decoding=\"async\" width=\"150\" height=\"150\" src=\"https:\/\/algerie-architecture.com\/wp-content\/uploads\/2022\/11\/Brique-Amizour-04-150x150.jpg\" class=\"attachment-thumbnail size-thumbnail wp-image-3083\" alt=\"\" srcset=\"https:\/\/algerie-architecture.com\/wp-content\/uploads\/2022\/11\/Brique-Amizour-04-150x150.jpg 150w, https:\/\/algerie-architecture.com\/wp-content\/uploads\/2022\/11\/Brique-Amizour-04-300x300.jpg 300w, https:\/\/algerie-architecture.com\/wp-content\/uploads\/2022\/11\/Brique-Amizour-04-768x768.jpg 768w, https:\/\/algerie-architecture.com\/wp-content\/uploads\/2022\/11\/Brique-Amizour-04-12x12.jpg 12w, https:\/\/algerie-architecture.com\/wp-content\/uploads\/2022\/11\/Brique-Amizour-04-600x600.jpg 600w, https:\/\/algerie-architecture.com\/wp-content\/uploads\/2022\/11\/Brique-Amizour-04.jpg 800w\" sizes=\"(max-width: 150px) 100vw, 150px\" \/>\t\t\t\t\t\t\t\t\t\t\t\t\t\t\t<\/div>\n\t\t\t\t<\/div>\n\t\t\t\t\t<\/div>\n\t\t<\/div>\n\t\t\t\t\t<\/div>\n\t\t<\/section>\n\t\t\t\t<section class=\"elementor-section elementor-top-section elementor-element elementor-element-7a40d1b elementor-section-boxed elementor-section-height-default elementor-section-height-default\" data-id=\"7a40d1b\" data-element_type=\"section\" data-e-type=\"section\">\n\t\t\t\t\t\t<div class=\"elementor-container elementor-column-gap-default\">\n\t\t\t\t\t<div class=\"elementor-column elementor-col-50 elementor-top-column elementor-element elementor-element-02080f7\" data-id=\"02080f7\" data-element_type=\"column\" data-e-type=\"column\">\n\t\t\t<div class=\"elementor-widget-wrap elementor-element-populated\">\n\t\t\t\t\t\t<div class=\"elementor-element elementor-element-fdbf930 elementor-widget elementor-widget-heading\" data-id=\"fdbf930\" data-element_type=\"widget\" data-e-type=\"widget\" data-widget_type=\"heading.default\">\n\t\t\t\t<div class=\"elementor-widget-container\">\n\t\t\t\t\t<h2 class=\"elementor-heading-title elementor-size-small\"><a href=\"https:\/\/algerie-architecture.com\/en\/projets\/\">CATEGORIES<\/a><\/h2>\t\t\t\t<\/div>\n\t\t\t\t<\/div>\n\t\t\t\t\t<\/div>\n\t\t<\/div>\n\t\t\t\t<div class=\"elementor-column elementor-col-50 elementor-top-column elementor-element elementor-element-bd923a8\" data-id=\"bd923a8\" data-element_type=\"column\" data-e-type=\"column\">\n\t\t\t<div class=\"elementor-widget-wrap\">\n\t\t\t\t\t\t\t<\/div>\n\t\t<\/div>\n\t\t\t\t\t<\/div>\n\t\t<\/section>\n\t\t\t\t<section class=\"elementor-section elementor-top-section elementor-element elementor-element-aa95d13 elementor-section-boxed elementor-section-height-default elementor-section-height-default\" data-id=\"aa95d13\" data-element_type=\"section\" data-e-type=\"section\">\n\t\t\t\t\t\t<div class=\"elementor-container elementor-column-gap-default\">\n\t\t\t\t\t<div class=\"elementor-column elementor-col-100 elementor-top-column elementor-element elementor-element-c75ee5c\" data-id=\"c75ee5c\" data-element_type=\"column\" data-e-type=\"column\">\n\t\t\t<div class=\"elementor-widget-wrap elementor-element-populated\">\n\t\t\t\t\t\t<div class=\"elementor-element elementor-element-7acb822 elementor-widget-divider--view-line elementor-widget elementor-widget-divider\" data-id=\"7acb822\" data-element_type=\"widget\" data-e-type=\"widget\" data-widget_type=\"divider.default\">\n\t\t\t\t<div class=\"elementor-widget-container\">\n\t\t\t\t\t\t\t<div class=\"elementor-divider\">\n\t\t\t<span class=\"elementor-divider-separator\">\n\t\t\t\t\t\t<\/span>\n\t\t<\/div>\n\t\t\t\t\t\t<\/div>\n\t\t\t\t<\/div>\n\t\t\t\t\t<\/div>\n\t\t<\/div>\n\t\t\t\t\t<\/div>\n\t\t<\/section>\n\t\t\t\t<section class=\"elementor-section elementor-top-section elementor-element elementor-element-c225591 elementor-section-boxed elementor-section-height-default elementor-section-height-default\" data-id=\"c225591\" data-element_type=\"section\" data-e-type=\"section\">\n\t\t\t\t\t\t<div class=\"elementor-container elementor-column-gap-default\">\n\t\t\t\t\t<div class=\"elementor-column elementor-col-50 elementor-top-column elementor-element elementor-element-3805120\" data-id=\"3805120\" data-element_type=\"column\" data-e-type=\"column\">\n\t\t\t<div class=\"elementor-widget-wrap elementor-element-populated\">\n\t\t\t\t\t\t<div class=\"elementor-element elementor-element-8d9ebab elementor-align-center elementor-widget__width-initial elementor-widget elementor-widget-button\" data-id=\"8d9ebab\" data-element_type=\"widget\" data-e-type=\"widget\" data-widget_type=\"button.default\">\n\t\t\t\t<div class=\"elementor-widget-container\">\n\t\t\t\t\t\t\t\t\t<div class=\"elementor-button-wrapper\">\n\t\t\t\t\t<a class=\"elementor-button elementor-button-link elementor-size-xs elementor-animation-shrink\" href=\"https:\/\/algerie-architecture.com\/en\/category\/materiaux-%d9%85%d9%88%d8%a7%d8%af\/\">\n\t\t\t\t\t\t<span class=\"elementor-button-content-wrapper\">\n\t\t\t\t\t\t\t\t\t<span class=\"elementor-button-text\">Techniques &amp; Mat\u00e9riaux \u062a\u0642\u0646\u064a\u0627\u062a \u0648 \u0645\u0648\u0627\u062f<\/span>\n\t\t\t\t\t<\/span>\n\t\t\t\t\t<\/a>\n\t\t\t\t<\/div>\n\t\t\t\t\t\t\t\t<\/div>\n\t\t\t\t<\/div>\n\t\t\t\t\t<\/div>\n\t\t<\/div>\n\t\t\t\t<div class=\"elementor-column elementor-col-50 elementor-top-column elementor-element elementor-element-4c8057f\" data-id=\"4c8057f\" data-element_type=\"column\" data-e-type=\"column\">\n\t\t\t<div class=\"elementor-widget-wrap elementor-element-populated\">\n\t\t\t\t\t\t<div class=\"elementor-element elementor-element-7cef197 elementor-align-center elementor-widget__width-initial elementor-widget elementor-widget-button\" data-id=\"7cef197\" data-element_type=\"widget\" data-e-type=\"widget\" data-widget_type=\"button.default\">\n\t\t\t\t<div class=\"elementor-widget-container\">\n\t\t\t\t\t\t\t\t\t<div class=\"elementor-button-wrapper\">\n\t\t\t\t\t<a class=\"elementor-button elementor-button-link elementor-size-xs elementor-animation-shrink\" href=\"https:\/\/algerie-architecture.com\/en\/category\/concepts-%d8%a3%d9%81%d9%83%d8%a7%d8%b1\/\">\n\t\t\t\t\t\t<span class=\"elementor-button-content-wrapper\">\n\t\t\t\t\t\t\t\t\t<span class=\"elementor-button-text\">Concepts \u0623\u0641\u0643\u0627\u0631<\/span>\n\t\t\t\t\t<\/span>\n\t\t\t\t\t<\/a>\n\t\t\t\t<\/div>\n\t\t\t\t\t\t\t\t<\/div>\n\t\t\t\t<\/div>\n\t\t\t\t\t<\/div>\n\t\t<\/div>\n\t\t\t\t\t<\/div>\n\t\t<\/section>\n\t\t\t\t<section class=\"elementor-section elementor-top-section elementor-element elementor-element-77b946a elementor-section-boxed elementor-section-height-default elementor-section-height-default\" data-id=\"77b946a\" data-element_type=\"section\" data-e-type=\"section\">\n\t\t\t\t\t\t<div class=\"elementor-container elementor-column-gap-default\">\n\t\t\t\t\t<div class=\"elementor-column elementor-col-100 elementor-top-column elementor-element elementor-element-a4cf7b1\" data-id=\"a4cf7b1\" data-element_type=\"column\" data-e-type=\"column\">\n\t\t\t<div class=\"elementor-widget-wrap elementor-element-populated\">\n\t\t\t\t\t\t<div class=\"elementor-element elementor-element-dc37141 elementor-widget-divider--view-line elementor-widget elementor-widget-divider\" data-id=\"dc37141\" data-element_type=\"widget\" data-e-type=\"widget\" data-widget_type=\"divider.default\">\n\t\t\t\t<div class=\"elementor-widget-container\">\n\t\t\t\t\t\t\t<div class=\"elementor-divider\">\n\t\t\t<span class=\"elementor-divider-separator\">\n\t\t\t\t\t\t<\/span>\n\t\t<\/div>\n\t\t\t\t\t\t<\/div>\n\t\t\t\t<\/div>\n\t\t\t\t\t<\/div>\n\t\t<\/div>\n\t\t\t\t\t<\/div>\n\t\t<\/section>\n\t\t\t\t<\/div>","protected":false},"excerpt":{"rendered":"<p>TECHNIQUE, MATERIAUX &amp; CONCEPTS \u062a\u0642\u0646\u064a\u0627\u062a, \u0645\u0648\u0627\u062f \u0648 \u0623\u0641\u0643\u0644\u0631 Une rubrique consacr\u00e9e aux techniques, proc\u00e9d\u00e9s et mat\u00e9riaux r\u00e9pandus dans la construction en Alg\u00e9rie et aux concepts innovants dans l&#8217;architecture. \u0642\u0633\u0645 \u0645\u062e\u0635\u0635 \u0644\u0644\u062a\u0642\u0646\u064a\u0627\u062a \u0648\u0627\u0644\u0645\u0648\u0627\u062f \u0627\u0644\u0645\u0633\u062a\u062e\u062f\u0645\u0629 \u0641\u064a \u0627\u0644\u0628\u0646\u0627\u0621 \u0641\u064a \u0627\u0644\u062c\u0632\u0627\u0626\u0631 \u0648\u0627\u0644\u0645\u0641\u0627\u0647\u064a\u0645 \u0627\u0644\u0645\u0628\u062a\u0643\u0631\u0629 \u0641\u064a \u0627\u0644\u0647\u0646\u062f\u0633\u0629 \u0627\u0644\u0645\u0639\u0645\u0627\u0631\u064a\u0629. CATEGORIES Techniques &#038; Mat\u00e9riaux \u062a\u0642\u0646\u064a\u0627\u062a \u0648 \u0645\u0648\u0627\u062f Concepts \u0623\u0641\u0643\u0627\u0631<\/p>","protected":false},"author":1,"featured_media":0,"parent":0,"menu_order":2,"comment_status":"closed","ping_status":"closed","template":"","meta":{"site-sidebar-layout":"default","site-content-layout":"default","ast-global-header-display":"","ast-main-header-display":"","ast-hfb-above-header-display":"","ast-hfb-below-header-display":"","ast-hfb-mobile-header-display":"","site-post-title":"","ast-breadcrumbs-content":"","ast-featured-img":"","footer-sml-layout":"","theme-transparent-header-meta":"","adv-header-id-meta":"","stick-header-meta":"","header-above-stick-meta":"","header-main-stick-meta":"","header-below-stick-meta":"","footnotes":""},"class_list":["post-66","page","type-page","status-publish","hentry"],"_links":{"self":[{"href":"https:\/\/algerie-architecture.com\/en\/wp-json\/wp\/v2\/pages\/66","targetHints":{"allow":["GET"]}}],"collection":[{"href":"https:\/\/algerie-architecture.com\/en\/wp-json\/wp\/v2\/pages"}],"about":[{"href":"https:\/\/algerie-architecture.com\/en\/wp-json\/wp\/v2\/types\/page"}],"author":[{"embeddable":true,"href":"https:\/\/algerie-architecture.com\/en\/wp-json\/wp\/v2\/users\/1"}],"replies":[{"embeddable":true,"href":"https:\/\/algerie-architecture.com\/en\/wp-json\/wp\/v2\/comments?post=66"}],"version-history":[{"count":0,"href":"https:\/\/algerie-architecture.com\/en\/wp-json\/wp\/v2\/pages\/66\/revisions"}],"wp:attachment":[{"href":"https:\/\/algerie-architecture.com\/en\/wp-json\/wp\/v2\/media?parent=66"}],"curies":[{"name":"wp","href":"https:\/\/api.w.org\/{rel}","templated":true}]}}