{"id":4539,"date":"2022-11-27T09:35:23","date_gmt":"2022-11-27T08:35:23","guid":{"rendered":"https:\/\/algerie-architecture.com\/?page_id=4539"},"modified":"2022-11-28T19:28:51","modified_gmt":"2022-11-28T18:28:51","slug":"visites-360","status":"publish","type":"page","link":"https:\/\/algerie-architecture.com\/en\/visites-360\/","title":{"rendered":"360\u00b0 TOUR"},"content":{"rendered":"<div data-elementor-type=\"wp-page\" data-elementor-id=\"4539\" class=\"elementor elementor-4539\">\n\t\t\t\t\t\t<section class=\"elementor-section elementor-top-section elementor-element elementor-element-1f65a54 elementor-section-boxed elementor-section-height-default elementor-section-height-default\" data-id=\"1f65a54\" data-element_type=\"section\" data-e-type=\"section\">\n\t\t\t\t\t\t<div class=\"elementor-container elementor-column-gap-default\">\n\t\t\t\t\t<div class=\"elementor-column elementor-col-50 elementor-top-column elementor-element elementor-element-7afea45\" data-id=\"7afea45\" data-element_type=\"column\" data-e-type=\"column\">\n\t\t\t<div class=\"elementor-widget-wrap elementor-element-populated\">\n\t\t\t\t\t\t<div class=\"elementor-element elementor-element-eb09b71 elementor-widget elementor-widget-heading\" data-id=\"eb09b71\" data-element_type=\"widget\" data-e-type=\"widget\" data-widget_type=\"heading.default\">\n\t\t\t\t<div class=\"elementor-widget-container\">\n\t\t\t\t\t<h2 class=\"elementor-heading-title elementor-size-small\"><a href=\"https:\/\/algerie-architecture.com\/en\/projets\/\">360\u00b0 TOUR<\/a><\/h2>\t\t\t\t<\/div>\n\t\t\t\t<\/div>\n\t\t\t\t\t<\/div>\n\t\t<\/div>\n\t\t\t\t<div class=\"elementor-column elementor-col-50 elementor-top-column elementor-element elementor-element-f37dcac\" data-id=\"f37dcac\" data-element_type=\"column\" data-e-type=\"column\">\n\t\t\t<div class=\"elementor-widget-wrap\">\n\t\t\t\t\t\t\t<\/div>\n\t\t<\/div>\n\t\t\t\t\t<\/div>\n\t\t<\/section>\n\t\t\t\t<section class=\"elementor-section elementor-top-section elementor-element elementor-element-38f0c10 elementor-section-boxed elementor-section-height-default elementor-section-height-default\" data-id=\"38f0c10\" data-element_type=\"section\" data-e-type=\"section\">\n\t\t\t\t\t\t<div class=\"elementor-container elementor-column-gap-default\">\n\t\t\t\t\t<div class=\"elementor-column elementor-col-33 elementor-top-column elementor-element elementor-element-98ad61d\" data-id=\"98ad61d\" data-element_type=\"column\" data-e-type=\"column\">\n\t\t\t<div class=\"elementor-widget-wrap elementor-element-populated\">\n\t\t\t\t\t\t<div class=\"elementor-element elementor-element-5ae725f elementor-invisible elementor-widget elementor-widget-heading\" data-id=\"5ae725f\" data-element_type=\"widget\" data-e-type=\"widget\" data-settings=\"{&quot;_animation&quot;:&quot;fadeInLeft&quot;}\" data-widget_type=\"heading.default\">\n\t\t\t\t<div class=\"elementor-widget-container\">\n\t\t\t\t\t<span class=\"elementor-heading-title elementor-size-default\">Immersion in virtual reality in ancient or contemporary Algerian architectural works.<\/span>\t\t\t\t<\/div>\n\t\t\t\t<\/div>\n\t\t\t\t\t<\/div>\n\t\t<\/div>\n\t\t\t\t<div class=\"elementor-column elementor-col-33 elementor-top-column elementor-element elementor-element-4f13e31\" data-id=\"4f13e31\" data-element_type=\"column\" data-e-type=\"column\">\n\t\t\t<div class=\"elementor-widget-wrap elementor-element-populated\">\n\t\t\t\t\t\t<div class=\"elementor-element elementor-element-795162d elementor-invisible elementor-widget elementor-widget-heading\" data-id=\"795162d\" data-element_type=\"widget\" data-e-type=\"widget\" data-settings=\"{&quot;_animation&quot;:&quot;fadeInUp&quot;}\" data-widget_type=\"heading.default\">\n\t\t\t\t<div class=\"elementor-widget-container\">\n\t\t\t\t\t<span class=\"elementor-heading-title elementor-size-default\">\u0627\u0646\u063a\u0645\u0627\u0633 \u0641\u064a \u0627\u0644\u0648\u0627\u0642\u0639 \u0627\u0644\u0627\u0641\u062a\u0631\u0627\u0636\u064a\u0629 \u0644\u0644\u0627\u0639\u0645\u0627\u0644 \u0645\u0639\u0645\u0627\u0631\u064a\u0629 \u0645\u0631\u0645\u0648\u0642\u0629 \u060c \u0642\u062f\u064a\u0645\u0629 \u0623\u0648 \u0645\u0639\u0627\u0635\u0631\u0629 \u0641\u064a \u0627\u0644\u062c\u0632\u0627\u0626\u0631.<\/span>\t\t\t\t<\/div>\n\t\t\t\t<\/div>\n\t\t\t\t\t<\/div>\n\t\t<\/div>\n\t\t\t\t<div class=\"elementor-column elementor-col-33 elementor-top-column elementor-element elementor-element-91ab214\" data-id=\"91ab214\" data-element_type=\"column\" data-e-type=\"column\">\n\t\t\t<div class=\"elementor-widget-wrap elementor-element-populated\">\n\t\t\t\t\t\t<div class=\"elementor-element elementor-element-50ddb57 animated-slow elementor-invisible elementor-widget elementor-widget-image\" data-id=\"50ddb57\" data-element_type=\"widget\" data-e-type=\"widget\" data-settings=\"{&quot;_animation&quot;:&quot;tada&quot;,&quot;_animation_delay&quot;:100}\" data-widget_type=\"image.default\">\n\t\t\t\t<div class=\"elementor-widget-container\">\n\t\t\t\t\t\t\t\t\t\t\t\t\t\t\t\t<a href=\"https:\/\/algerie-architecture.com\/en\/\">\n\t\t\t\t\t\t\t<img decoding=\"async\" width=\"300\" height=\"130\" src=\"https:\/\/algerie-architecture.com\/wp-content\/uploads\/2022\/10\/Logo-Site-300x130.jpg\" class=\"elementor-animation-grow attachment-medium size-medium wp-image-2060\" alt=\"\" srcset=\"https:\/\/algerie-architecture.com\/wp-content\/uploads\/2022\/10\/Logo-Site-300x130.jpg 300w, https:\/\/algerie-architecture.com\/wp-content\/uploads\/2022\/10\/Logo-Site-1024x442.jpg 1024w, https:\/\/algerie-architecture.com\/wp-content\/uploads\/2022\/10\/Logo-Site-768x332.jpg 768w, https:\/\/algerie-architecture.com\/wp-content\/uploads\/2022\/10\/Logo-Site-1536x663.jpg 1536w, https:\/\/algerie-architecture.com\/wp-content\/uploads\/2022\/10\/Logo-Site-2048x884.jpg 2048w\" sizes=\"(max-width: 300px) 100vw, 300px\" \/>\t\t\t\t\t\t\t\t<\/a>\n\t\t\t\t\t\t\t\t\t\t\t\t\t\t\t<\/div>\n\t\t\t\t<\/div>\n\t\t\t\t\t<\/div>\n\t\t<\/div>\n\t\t\t\t\t<\/div>\n\t\t<\/section>\n\t\t\t\t<section class=\"elementor-section elementor-top-section elementor-element elementor-element-4fc444b elementor-section-boxed elementor-section-height-default elementor-section-height-default\" data-id=\"4fc444b\" data-element_type=\"section\" data-e-type=\"section\">\n\t\t\t\t\t\t<div class=\"elementor-container elementor-column-gap-default\">\n\t\t\t\t\t<div class=\"elementor-column elementor-col-50 elementor-top-column elementor-element elementor-element-0efee4e\" data-id=\"0efee4e\" data-element_type=\"column\" data-e-type=\"column\">\n\t\t\t<div class=\"elementor-widget-wrap elementor-element-populated\">\n\t\t\t\t\t\t<div class=\"elementor-element elementor-element-7c93f87 elementor-widget elementor-widget-image\" data-id=\"7c93f87\" data-element_type=\"widget\" data-e-type=\"widget\" data-widget_type=\"image.default\">\n\t\t\t\t<div class=\"elementor-widget-container\">\n\t\t\t\t\t\t\t\t\t\t\t\t\t\t\t\t<a href=\"http:\/\/yassinehamoudi.com\/palaisbey.html?fbclid=IwAR0dKBe1ING6xb0Kv2cxYwWWfjazNj-3YsoVEKpyFLvosXBNxl0yfFmaGpI\">\n\t\t\t\t\t\t\t<img decoding=\"async\" src=\"https:\/\/algerie-architecture.com\/wp-content\/uploads\/elementor\/thumbs\/Bey-Constantine-q0g7o7l5qxfflqxdsm00ikhnmri2n90spvtgyl9758.jpg\" title=\"Bey-Constantine\" alt=\"Bey-Constantine\" class=\"elementor-animation-grow\" loading=\"lazy\" \/>\t\t\t\t\t\t\t\t<\/a>\n\t\t\t\t\t\t\t\t\t\t\t\t\t\t\t<\/div>\n\t\t\t\t<\/div>\n\t\t\t\t<div class=\"elementor-element elementor-element-3cbb729 elementor-widget elementor-widget-heading\" data-id=\"3cbb729\" data-element_type=\"widget\" data-e-type=\"widget\" data-widget_type=\"heading.default\">\n\t\t\t\t<div class=\"elementor-widget-container\">\n\t\t\t\t\t<h6 class=\"elementor-heading-title elementor-size-default\"><a href=\"https:\/\/algerie-architecture.com\/en\/palais-ahmed-bey-constantine\/\">360\u00b0 Ahmed Bey Palace,  \u0642\u0635\u0631 \u0623\u062d\u0645\u062f \u0628\u0627\u064a<\/a><\/h6>\t\t\t\t<\/div>\n\t\t\t\t<\/div>\n\t\t\t\t\t<\/div>\n\t\t<\/div>\n\t\t\t\t<div class=\"elementor-column elementor-col-50 elementor-top-column elementor-element elementor-element-bb2e1ff\" data-id=\"bb2e1ff\" data-element_type=\"column\" data-e-type=\"column\">\n\t\t\t<div class=\"elementor-widget-wrap elementor-element-populated\">\n\t\t\t\t\t\t<div class=\"elementor-element elementor-element-d304eca elementor-widget elementor-widget-image\" data-id=\"d304eca\" data-element_type=\"widget\" data-e-type=\"widget\" data-widget_type=\"image.default\">\n\t\t\t\t<div class=\"elementor-widget-container\">\n\t\t\t\t\t\t\t\t\t\t\t\t\t\t\t\t<a href=\"https:\/\/my.matterport.com\/show\/?ref=fb&#038;m=xoyy3fpKNEV&#038;fbclid=IwAR1ertNxq9QYwL4VYc7vxSOdrPHn1XU2jxehVxmJ5f3LGoZWD_iYWhu1y64\">\n\t\t\t\t\t\t\t<img decoding=\"async\" src=\"https:\/\/algerie-architecture.com\/wp-content\/uploads\/elementor\/thumbs\/El-Djazair-q0g7o6nbk3e6aytynwj0dfip22jwzuimiffvkymc9q.jpg\" title=\"El-Djazair\" alt=\"El-Djazair\" class=\"elementor-animation-grow\" loading=\"lazy\" \/>\t\t\t\t\t\t\t\t<\/a>\n\t\t\t\t\t\t\t\t\t\t\t\t\t\t\t<\/div>\n\t\t\t\t<\/div>\n\t\t\t\t<div class=\"elementor-element elementor-element-5e95f26 elementor-widget elementor-widget-heading\" data-id=\"5e95f26\" data-element_type=\"widget\" data-e-type=\"widget\" data-widget_type=\"heading.default\">\n\t\t\t\t<div class=\"elementor-widget-container\">\n\t\t\t\t\t<h6 class=\"elementor-heading-title elementor-size-default\"><a href=\"https:\/\/algerie-architecture.com\/en\/hotel-el-djazair-%d9%81%d9%86%d8%af%d9%82-%d8%a7%d9%84%d8%ac%d8%b2%d8%a7%d8%a6%d8%b1\/\">360\u00b0 El Djaza\u00efr Hotel \u0641\u0646\u062f\u0642 \u0627\u0644\u062c\u0632\u0627\u0626\u0631<\/a><\/h6>\t\t\t\t<\/div>\n\t\t\t\t<\/div>\n\t\t\t\t\t<\/div>\n\t\t<\/div>\n\t\t\t\t\t<\/div>\n\t\t<\/section>\n\t\t\t\t<\/div>","protected":false},"excerpt":{"rendered":"<p>VISITES -360\u00b0- \u0632\u064a\u0627\u0631\u0629 Immersion en r\u00e9alit\u00e9 virtuelle dans des \u0153uvres Architecturales Alg\u00e9rienne anciennes ou contemporaines. \u0627\u0646\u063a\u0645\u0627\u0633 \u0641\u064a \u0627\u0644\u0648\u0627\u0642\u0639 \u0627\u0644\u0627\u0641\u062a\u0631\u0627\u0636\u064a\u0629 \u0644\u0644\u0627\u0639\u0645\u0627\u0644 \u0645\u0639\u0645\u0627\u0631\u064a\u0629 \u0645\u0631\u0645\u0648\u0642\u0629 \u060c \u0642\u062f\u064a\u0645\u0629 \u0623\u0648 \u0645\u0639\u0627\u0635\u0631\u0629 \u0641\u064a \u0627\u0644\u062c\u0632\u0627\u0626\u0631. 360\u00b0 Palais Ahmed Bey, \u0642\u0635\u0631 \u0623\u062d\u0645\u062f \u0628\u0627\u064a 360\u00b0 H\u00f4tel El Djaza\u00efr \u0641\u0646\u062f\u0642 \u0627\u0644\u062c\u0632\u0627\u0626\u0631<\/p>","protected":false},"author":1,"featured_media":0,"parent":0,"menu_order":0,"comment_status":"closed","ping_status":"closed","template":"","meta":{"site-sidebar-layout":"default","site-content-layout":"default","ast-global-header-display":"","ast-main-header-display":"","ast-hfb-above-header-display":"","ast-hfb-below-header-display":"","ast-hfb-mobile-header-display":"","site-post-title":"","ast-breadcrumbs-content":"","ast-featured-img":"","footer-sml-layout":"","theme-transparent-header-meta":"","adv-header-id-meta":"","stick-header-meta":"","header-above-stick-meta":"","header-main-stick-meta":"","header-below-stick-meta":"","footnotes":""},"class_list":["post-4539","page","type-page","status-publish","hentry"],"_links":{"self":[{"href":"https:\/\/algerie-architecture.com\/en\/wp-json\/wp\/v2\/pages\/4539","targetHints":{"allow":["GET"]}}],"collection":[{"href":"https:\/\/algerie-architecture.com\/en\/wp-json\/wp\/v2\/pages"}],"about":[{"href":"https:\/\/algerie-architecture.com\/en\/wp-json\/wp\/v2\/types\/page"}],"author":[{"embeddable":true,"href":"https:\/\/algerie-architecture.com\/en\/wp-json\/wp\/v2\/users\/1"}],"replies":[{"embeddable":true,"href":"https:\/\/algerie-architecture.com\/en\/wp-json\/wp\/v2\/comments?post=4539"}],"version-history":[{"count":0,"href":"https:\/\/algerie-architecture.com\/en\/wp-json\/wp\/v2\/pages\/4539\/revisions"}],"wp:attachment":[{"href":"https:\/\/algerie-architecture.com\/en\/wp-json\/wp\/v2\/media?parent=4539"}],"curies":[{"name":"wp","href":"https:\/\/api.w.org\/{rel}","templated":true}]}}