{"id":101,"date":"2022-09-04T15:02:07","date_gmt":"2022-09-04T14:02:07","guid":{"rendered":"http:\/\/algerie-architecture.com\/?page_id=101"},"modified":"2024-04-18T15:58:35","modified_gmt":"2024-04-18T14:58:35","slug":"architectes","status":"publish","type":"page","link":"https:\/\/algerie-architecture.com\/en\/architectes\/","title":{"rendered":"ARCHITECTS"},"content":{"rendered":"<div data-elementor-type=\"wp-page\" data-elementor-id=\"101\" class=\"elementor elementor-101\">\n\t\t\t\t\t\t<section class=\"elementor-section elementor-top-section elementor-element elementor-element-5e60ed6 elementor-section-boxed elementor-section-height-default elementor-section-height-default\" data-id=\"5e60ed6\" data-element_type=\"section\" data-e-type=\"section\">\n\t\t\t\t\t\t<div class=\"elementor-container elementor-column-gap-default\">\n\t\t\t\t\t<div class=\"elementor-column elementor-col-50 elementor-top-column elementor-element elementor-element-f75afec\" data-id=\"f75afec\" data-element_type=\"column\" data-e-type=\"column\">\n\t\t\t<div class=\"elementor-widget-wrap elementor-element-populated\">\n\t\t\t\t\t\t<div class=\"elementor-element elementor-element-7f23a5a elementor-widget elementor-widget-heading\" data-id=\"7f23a5a\" data-element_type=\"widget\" data-e-type=\"widget\" data-widget_type=\"heading.default\">\n\t\t\t\t<div class=\"elementor-widget-container\">\n\t\t\t\t\t<h2 class=\"elementor-heading-title elementor-size-small\"><a href=\"https:\/\/algerie-architecture.com\/en\/projets\/\">ARCHITECTS<\/a><\/h2>\t\t\t\t<\/div>\n\t\t\t\t<\/div>\n\t\t\t\t\t<\/div>\n\t\t<\/div>\n\t\t\t\t<div class=\"elementor-column elementor-col-50 elementor-top-column elementor-element elementor-element-fea3a8e\" data-id=\"fea3a8e\" data-element_type=\"column\" data-e-type=\"column\">\n\t\t\t<div class=\"elementor-widget-wrap\">\n\t\t\t\t\t\t\t<\/div>\n\t\t<\/div>\n\t\t\t\t\t<\/div>\n\t\t<\/section>\n\t\t\t\t<section class=\"elementor-section elementor-top-section elementor-element elementor-element-d58dc1a elementor-section-boxed elementor-section-height-default elementor-section-height-default\" data-id=\"d58dc1a\" data-element_type=\"section\" data-e-type=\"section\">\n\t\t\t\t\t\t<div class=\"elementor-container elementor-column-gap-default\">\n\t\t\t\t\t<div class=\"elementor-column elementor-col-33 elementor-top-column elementor-element elementor-element-3ee39c1\" data-id=\"3ee39c1\" data-element_type=\"column\" data-e-type=\"column\">\n\t\t\t<div class=\"elementor-widget-wrap elementor-element-populated\">\n\t\t\t\t\t\t<div class=\"elementor-element elementor-element-2a66f86 elementor-invisible elementor-widget elementor-widget-heading\" data-id=\"2a66f86\" data-element_type=\"widget\" data-e-type=\"widget\" data-settings=\"{&quot;_animation&quot;:&quot;fadeInLeft&quot;}\" data-widget_type=\"heading.default\">\n\t\t\t\t<div class=\"elementor-widget-container\">\n\t\t\t\t\t<span class=\"elementor-heading-title elementor-size-default\">A section intended to highlight the Architects and Artists who have marked the architecture in Algeria<\/span>\t\t\t\t<\/div>\n\t\t\t\t<\/div>\n\t\t\t\t\t<\/div>\n\t\t<\/div>\n\t\t\t\t<div class=\"elementor-column elementor-col-33 elementor-top-column elementor-element elementor-element-33116c9\" data-id=\"33116c9\" data-element_type=\"column\" data-e-type=\"column\">\n\t\t\t<div class=\"elementor-widget-wrap elementor-element-populated\">\n\t\t\t\t\t\t<div class=\"elementor-element elementor-element-66755ca elementor-invisible elementor-widget elementor-widget-heading\" data-id=\"66755ca\" data-element_type=\"widget\" data-e-type=\"widget\" data-settings=\"{&quot;_animation&quot;:&quot;fadeInUp&quot;}\" data-widget_type=\"heading.default\">\n\t\t\t\t<div class=\"elementor-widget-container\">\n\t\t\t\t\t<span class=\"elementor-heading-title elementor-size-default\">\u0642\u0633\u0645 \u064a\u0647\u062f\u0641 \u0625\u0644\u0649 \u062a\u0633\u0644\u064a\u0637 \u0627\u0644\u0636\u0648\u0621 \u0639\u0644\u0649 \u0627\u0644\u0645\u0647\u0646\u062f\u0633\u064a\u0646 \u0627\u0644\u0645\u0639\u0645\u0627\u0631\u064a\u064a\u0646 \u0648\u0627\u0644\u0641\u0646\u0627\u0646\u064a\u0646 \u0627\u0644\u0630\u064a\u0646 \u0645\u064a\u0632\u0648\u0627 \u0627\u0644\u0639\u0645\u0627\u0631\u0629 \u0641\u064a \u0627\u0644\u062c\u0632\u0627\u0626\u0631<\/span>\t\t\t\t<\/div>\n\t\t\t\t<\/div>\n\t\t\t\t\t<\/div>\n\t\t<\/div>\n\t\t\t\t<div class=\"elementor-column elementor-col-33 elementor-top-column elementor-element elementor-element-b8dda25\" data-id=\"b8dda25\" data-element_type=\"column\" data-e-type=\"column\">\n\t\t\t<div class=\"elementor-widget-wrap elementor-element-populated\">\n\t\t\t\t\t\t<div class=\"elementor-element elementor-element-d7305c6 animated-slow elementor-invisible elementor-widget elementor-widget-image\" data-id=\"d7305c6\" data-element_type=\"widget\" data-e-type=\"widget\" data-settings=\"{&quot;_animation&quot;:&quot;tada&quot;,&quot;_animation_delay&quot;:100}\" data-widget_type=\"image.default\">\n\t\t\t\t<div class=\"elementor-widget-container\">\n\t\t\t\t\t\t\t\t\t\t\t\t\t\t\t\t<a href=\"https:\/\/algerie-architecture.com\/en\/\">\n\t\t\t\t\t\t\t<img decoding=\"async\" width=\"300\" height=\"130\" src=\"https:\/\/algerie-architecture.com\/wp-content\/uploads\/2022\/10\/Logo-Site-300x130.jpg\" class=\"elementor-animation-grow attachment-medium size-medium wp-image-2060\" alt=\"\" srcset=\"https:\/\/algerie-architecture.com\/wp-content\/uploads\/2022\/10\/Logo-Site-300x130.jpg 300w, https:\/\/algerie-architecture.com\/wp-content\/uploads\/2022\/10\/Logo-Site-1024x442.jpg 1024w, https:\/\/algerie-architecture.com\/wp-content\/uploads\/2022\/10\/Logo-Site-768x332.jpg 768w, https:\/\/algerie-architecture.com\/wp-content\/uploads\/2022\/10\/Logo-Site-1536x663.jpg 1536w, https:\/\/algerie-architecture.com\/wp-content\/uploads\/2022\/10\/Logo-Site-2048x884.jpg 2048w\" sizes=\"(max-width: 300px) 100vw, 300px\" \/>\t\t\t\t\t\t\t\t<\/a>\n\t\t\t\t\t\t\t\t\t\t\t\t\t\t\t<\/div>\n\t\t\t\t<\/div>\n\t\t\t\t\t<\/div>\n\t\t<\/div>\n\t\t\t\t\t<\/div>\n\t\t<\/section>\n\t\t\t\t<section class=\"elementor-section elementor-top-section elementor-element elementor-element-3ea7b6d elementor-section-boxed elementor-section-height-default elementor-section-height-default\" data-id=\"3ea7b6d\" data-element_type=\"section\" data-e-type=\"section\">\n\t\t\t\t\t\t<div class=\"elementor-container elementor-column-gap-default\">\n\t\t\t\t\t<div class=\"elementor-column elementor-col-33 elementor-top-column elementor-element elementor-element-a7f3df1\" data-id=\"a7f3df1\" data-element_type=\"column\" data-e-type=\"column\">\n\t\t\t<div class=\"elementor-widget-wrap elementor-element-populated\">\n\t\t\t\t\t\t<div class=\"elementor-element elementor-element-67e751f elementor-widget elementor-widget-image\" data-id=\"67e751f\" data-element_type=\"widget\" data-e-type=\"widget\" data-widget_type=\"image.default\">\n\t\t\t\t<div class=\"elementor-widget-container\">\n\t\t\t\t\t\t\t\t\t\t\t\t\t\t\t\t<a href=\"https:\/\/algerie-architecture.com\/en\/abderrahmane-bouchama\/\">\n\t\t\t\t\t\t\t<img decoding=\"async\" src=\"https:\/\/algerie-architecture.com\/wp-content\/uploads\/elementor\/thumbs\/Abderrahmane-Bouchama-q0g7o8izxrgpxcw0n4en329485dfuy4j20gyfv7sz0.jpg\" title=\"Abderrahmane-Bouchama\" alt=\"Abderrahmane-Bouchama\" class=\"elementor-animation-grow\" loading=\"lazy\" \/>\t\t\t\t\t\t\t\t<\/a>\n\t\t\t\t\t\t\t\t\t\t\t\t\t\t\t<\/div>\n\t\t\t\t<\/div>\n\t\t\t\t<div class=\"elementor-element elementor-element-8dc8949 elementor-widget elementor-widget-heading\" data-id=\"8dc8949\" data-element_type=\"widget\" data-e-type=\"widget\" data-widget_type=\"heading.default\">\n\t\t\t\t<div class=\"elementor-widget-container\">\n\t\t\t\t\t<h6 class=\"elementor-heading-title elementor-size-default\">Abderrahmane Bouchama<\/h6>\t\t\t\t<\/div>\n\t\t\t\t<\/div>\n\t\t\t\t<div class=\"elementor-element elementor-element-3bd9ab9 elementor-widget elementor-widget-image\" data-id=\"3bd9ab9\" data-element_type=\"widget\" data-e-type=\"widget\" data-widget_type=\"image.default\">\n\t\t\t\t<div class=\"elementor-widget-container\">\n\t\t\t\t\t\t\t\t\t\t\t\t\t\t\t\t<a href=\"https:\/\/algerie-architecture.com\/en\/abdenour-djellouli-%d8%b9%d8%a8%d8%af-%d8%a7%d9%84%d9%86%d9%88%d8%b1-%d8%ac%d9%84%d9%88%d9%84%d9%8a\/\">\n\t\t\t\t\t\t\t<img decoding=\"async\" src=\"https:\/\/algerie-architecture.com\/wp-content\/uploads\/elementor\/thumbs\/Djellouli-00-qmw8ro7pojhwj5nsqaq1dwwc8d7s0z20pkyt8iba0c.jpg\" title=\"Djellouli-00\" alt=\"Djellouli-00\" class=\"elementor-animation-grow\" loading=\"lazy\" \/>\t\t\t\t\t\t\t\t<\/a>\n\t\t\t\t\t\t\t\t\t\t\t\t\t\t\t<\/div>\n\t\t\t\t<\/div>\n\t\t\t\t<div class=\"elementor-element elementor-element-b227e48 elementor-widget elementor-widget-heading\" data-id=\"b227e48\" data-element_type=\"widget\" data-e-type=\"widget\" data-widget_type=\"heading.default\">\n\t\t\t\t<div class=\"elementor-widget-container\">\n\t\t\t\t\t<h6 class=\"elementor-heading-title elementor-size-default\">Abdenour Djellouli<\/h6>\t\t\t\t<\/div>\n\t\t\t\t<\/div>\n\t\t\t\t\t<\/div>\n\t\t<\/div>\n\t\t\t\t<div class=\"elementor-column elementor-col-33 elementor-top-column elementor-element elementor-element-ab86f88\" data-id=\"ab86f88\" data-element_type=\"column\" data-e-type=\"column\">\n\t\t\t<div class=\"elementor-widget-wrap elementor-element-populated\">\n\t\t\t\t\t\t<div class=\"elementor-element elementor-element-ded057f elementor-widget elementor-widget-image\" data-id=\"ded057f\" data-element_type=\"widget\" data-e-type=\"widget\" data-widget_type=\"image.default\">\n\t\t\t\t<div class=\"elementor-widget-container\">\n\t\t\t\t\t\t\t\t\t\t\t\t\t\t\t\t<a href=\"https:\/\/algerie-architecture.com\/en\/fernand-pouillon\/\">\n\t\t\t\t\t\t\t<img decoding=\"async\" src=\"https:\/\/algerie-architecture.com\/wp-content\/uploads\/elementor\/thumbs\/Fernand-Pouillon-1-q0g7o9gu4li08yunhmt9nk0ktj8t2n89e54fx56ess.jpg\" title=\"Fernand-Pouillon\" alt=\"Fernand-Pouillon\" class=\"elementor-animation-grow\" loading=\"lazy\" \/>\t\t\t\t\t\t\t\t<\/a>\n\t\t\t\t\t\t\t\t\t\t\t\t\t\t\t<\/div>\n\t\t\t\t<\/div>\n\t\t\t\t<div class=\"elementor-element elementor-element-359e448 elementor-widget elementor-widget-heading\" data-id=\"359e448\" data-element_type=\"widget\" data-e-type=\"widget\" data-widget_type=\"heading.default\">\n\t\t\t\t<div class=\"elementor-widget-container\">\n\t\t\t\t\t<h6 class=\"elementor-heading-title elementor-size-default\">Fernand Pouillon<\/h6>\t\t\t\t<\/div>\n\t\t\t\t<\/div>\n\t\t\t\t<div class=\"elementor-element elementor-element-b0aaf12 elementor-widget elementor-widget-image\" data-id=\"b0aaf12\" data-element_type=\"widget\" data-e-type=\"widget\" data-widget_type=\"image.default\">\n\t\t\t\t<div class=\"elementor-widget-container\">\n\t\t\t\t\t\t\t\t\t\t\t\t\t\t\t\t<a href=\"https:\/\/algerie-architecture.com\/en\/mhamed-sahraoui-%d9%85%d8%ad%d9%85%d8%af-%d8%b5%d8%ad%d8%b1%d8%a7%d9%88%d9%8a\/\">\n\t\t\t\t\t\t\t<img decoding=\"async\" src=\"https:\/\/algerie-architecture.com\/wp-content\/uploads\/elementor\/thumbs\/M-Sahraoui-2-1-qin8k01fsdo71j6r6ei61mw1p9c9ujzh94tmpba5ik.jpg\" title=\"M-Sahraoui-2\" alt=\"M-Sahraoui-2\" class=\"elementor-animation-grow\" loading=\"lazy\" \/>\t\t\t\t\t\t\t\t<\/a>\n\t\t\t\t\t\t\t\t\t\t\t\t\t\t\t<\/div>\n\t\t\t\t<\/div>\n\t\t\t\t<div class=\"elementor-element elementor-element-e606309 elementor-widget elementor-widget-heading\" data-id=\"e606309\" data-element_type=\"widget\" data-e-type=\"widget\" data-widget_type=\"heading.default\">\n\t\t\t\t<div class=\"elementor-widget-container\">\n\t\t\t\t\t<h6 class=\"elementor-heading-title elementor-size-default\">M\u2019hamed Sahraoui<\/h6>\t\t\t\t<\/div>\n\t\t\t\t<\/div>\n\t\t\t\t\t<\/div>\n\t\t<\/div>\n\t\t\t\t<div class=\"elementor-column elementor-col-33 elementor-top-column elementor-element elementor-element-548ee17\" data-id=\"548ee17\" data-element_type=\"column\" data-e-type=\"column\">\n\t\t\t<div class=\"elementor-widget-wrap elementor-element-populated\">\n\t\t\t\t\t\t<div class=\"elementor-element elementor-element-cd5c075 elementor-widget elementor-widget-image\" data-id=\"cd5c075\" data-element_type=\"widget\" data-e-type=\"widget\" data-widget_type=\"image.default\">\n\t\t\t\t<div class=\"elementor-widget-container\">\n\t\t\t\t\t\t\t\t\t\t\t\t\t\t\t\t<a href=\"https:\/\/algerie-architecture.com\/en\/bachir-yelles\/\">\n\t\t\t\t\t\t\t<img decoding=\"async\" src=\"https:\/\/algerie-architecture.com\/wp-content\/uploads\/elementor\/thumbs\/Bachir-Yelles-1-q0g7o7l5qxfgmksliexmxxa5ngfa7jmcuk3d28ky3i.jpg\" title=\"Bachir-Yelles\" alt=\"Bachir-Yelles\" class=\"elementor-animation-grow\" loading=\"lazy\" \/>\t\t\t\t\t\t\t\t<\/a>\n\t\t\t\t\t\t\t\t\t\t\t\t\t\t\t<\/div>\n\t\t\t\t<\/div>\n\t\t\t\t<div class=\"elementor-element elementor-element-fed0c0c elementor-widget elementor-widget-heading\" data-id=\"fed0c0c\" data-element_type=\"widget\" data-e-type=\"widget\" data-widget_type=\"heading.default\">\n\t\t\t\t<div class=\"elementor-widget-container\">\n\t\t\t\t\t<h6 class=\"elementor-heading-title elementor-size-default\">Bachir Yell\u00e8s<\/h6>\t\t\t\t<\/div>\n\t\t\t\t<\/div>\n\t\t\t\t<div class=\"elementor-element elementor-element-0108f6b elementor-widget elementor-widget-image\" data-id=\"0108f6b\" data-element_type=\"widget\" data-e-type=\"widget\" data-widget_type=\"image.default\">\n\t\t\t\t<div class=\"elementor-widget-container\">\n\t\t\t\t\t\t\t\t\t\t\t\t\t\t\t\t<a href=\"https:\/\/algerie-architecture.com\/en\/jean-jacques-deluz\/\">\n\t\t\t\t\t\t\t<img decoding=\"async\" src=\"https:\/\/algerie-architecture.com\/wp-content\/uploads\/elementor\/thumbs\/telechargement-1-qa9jgbx89olndtw2cg4toe94btv95gzx94g7ylpsim.jpg\" title=\"telechargement\" alt=\"telechargement\" class=\"elementor-animation-grow\" loading=\"lazy\" \/>\t\t\t\t\t\t\t\t<\/a>\n\t\t\t\t\t\t\t\t\t\t\t\t\t\t\t<\/div>\n\t\t\t\t<\/div>\n\t\t\t\t<div class=\"elementor-element elementor-element-496de63 elementor-widget elementor-widget-heading\" data-id=\"496de63\" data-element_type=\"widget\" data-e-type=\"widget\" data-widget_type=\"heading.default\">\n\t\t\t\t<div class=\"elementor-widget-container\">\n\t\t\t\t\t<h6 class=\"elementor-heading-title elementor-size-default\">Jean-Jacques Deluz<\/h6>\t\t\t\t<\/div>\n\t\t\t\t<\/div>\n\t\t\t\t\t<\/div>\n\t\t<\/div>\n\t\t\t\t\t<\/div>\n\t\t<\/section>\n\t\t\t\t<\/div>","protected":false},"excerpt":{"rendered":"<p>ARCHITECTES \u0645\u0647\u0646\u062f\u0633\u064a\u0646 Une rubrique destin\u00e9e \u00e0 mettre en avant les Architectes et Artistes ayant marqu\u00e9s l&#8217;architecture en Algerie \u0642\u0633\u0645 \u064a\u0647\u062f\u0641 \u0625\u0644\u0649 \u062a\u0633\u0644\u064a\u0637 \u0627\u0644\u0636\u0648\u0621 \u0639\u0644\u0649 \u0627\u0644\u0645\u0647\u0646\u062f\u0633\u064a\u0646 \u0627\u0644\u0645\u0639\u0645\u0627\u0631\u064a\u064a\u0646 \u0648\u0627\u0644\u0641\u0646\u0627\u0646\u064a\u0646 \u0627\u0644\u0630\u064a\u0646 \u0645\u064a\u0632\u0648\u0627 \u0627\u0644\u0639\u0645\u0627\u0631\u0629 \u0641\u064a \u0627\u0644\u062c\u0632\u0627\u0626\u0631 Abderrahmane Bouchama Abdenour Djellouli Fernand Pouillon M\u2019hamed Sahraoui Bachir Yell\u00e8s Jean-Jacques Deluz<\/p>","protected":false},"author":1,"featured_media":0,"parent":0,"menu_order":5,"comment_status":"closed","ping_status":"closed","template":"","meta":{"site-sidebar-layout":"default","site-content-layout":"default","ast-global-header-display":"","ast-main-header-display":"","ast-hfb-above-header-display":"","ast-hfb-below-header-display":"","ast-hfb-mobile-header-display":"","site-post-title":"","ast-breadcrumbs-content":"","ast-featured-img":"","footer-sml-layout":"","theme-transparent-header-meta":"","adv-header-id-meta":"","stick-header-meta":"","header-above-stick-meta":"","header-main-stick-meta":"","header-below-stick-meta":"","footnotes":""},"class_list":["post-101","page","type-page","status-publish","hentry"],"_links":{"self":[{"href":"https:\/\/algerie-architecture.com\/en\/wp-json\/wp\/v2\/pages\/101","targetHints":{"allow":["GET"]}}],"collection":[{"href":"https:\/\/algerie-architecture.com\/en\/wp-json\/wp\/v2\/pages"}],"about":[{"href":"https:\/\/algerie-architecture.com\/en\/wp-json\/wp\/v2\/types\/page"}],"author":[{"embeddable":true,"href":"https:\/\/algerie-architecture.com\/en\/wp-json\/wp\/v2\/users\/1"}],"replies":[{"embeddable":true,"href":"https:\/\/algerie-architecture.com\/en\/wp-json\/wp\/v2\/comments?post=101"}],"version-history":[{"count":0,"href":"https:\/\/algerie-architecture.com\/en\/wp-json\/wp\/v2\/pages\/101\/revisions"}],"wp:attachment":[{"href":"https:\/\/algerie-architecture.com\/en\/wp-json\/wp\/v2\/media?parent=101"}],"curies":[{"name":"wp","href":"https:\/\/api.w.org\/{rel}","templated":true}]}}